{"id":1320,"date":"2025-03-10T20:07:40","date_gmt":"2025-03-10T20:07:40","guid":{"rendered":"https:\/\/modantiga.com\/?post_type=product&#038;p=1320"},"modified":"2025-03-10T20:07:40","modified_gmt":"2025-03-10T20:07:40","slug":"pao-de-lo","status":"publish","type":"product","link":"https:\/\/modantiga.com\/es\/producto\/pao-de-lo\/","title":{"rendered":"P\u00e3o de L\u00f3"},"content":{"rendered":"<p>P\u00e3o de l\u00f3 es una tarta tradicional portuguesa que se utiliza mucho para celebrar la pascua. nosotros la hacemos de la forma tradicional en molde de arcilla, por qu\u00e9 queremos preservar las tradiciones y los gustos antiguos. Pruebe y compruebe.<\/p>","protected":false},"excerpt":{"rendered":"<p>Ingredientes:<\/p>\n<p>HUEVO, yema de HUEVO, az\u00facar, harina de TRIGO.<\/p>\n<p>Al\u00e9rgenos:<\/p>\n<p>Trigo, huevo. Puede contener trazas de frutos de cascara y lactosa.<\/p>","protected":false},"featured_media":1321,"comment_status":"open","ping_status":"closed","template":"","meta":[],"product_brand":[],"product_cat":[34],"product_tag":[],"class_list":{"0":"post-1320","1":"product","2":"type-product","3":"status-publish","4":"has-post-thumbnail","6":"product_cat-pascoa","8":"first","9":"onbackorder","10":"taxable","11":"shipping-taxable","12":"purchasable","13":"product-type-variable"},"jetpack_sharing_enabled":true,"_links":{"self":[{"href":"https:\/\/modantiga.com\/es\/wp-json\/wp\/v2\/product\/1320","targetHints":{"allow":["GET"]}}],"collection":[{"href":"https:\/\/modantiga.com\/es\/wp-json\/wp\/v2\/product"}],"about":[{"href":"https:\/\/modantiga.com\/es\/wp-json\/wp\/v2\/types\/product"}],"replies":[{"embeddable":true,"href":"https:\/\/modantiga.com\/es\/wp-json\/wp\/v2\/comments?post=1320"}],"version-history":[{"count":4,"href":"https:\/\/modantiga.com\/es\/wp-json\/wp\/v2\/product\/1320\/revisions"}],"predecessor-version":[{"id":1326,"href":"https:\/\/modantiga.com\/es\/wp-json\/wp\/v2\/product\/1320\/revisions\/1326"}],"wp:featuredmedia":[{"embeddable":true,"href":"https:\/\/modantiga.com\/es\/wp-json\/wp\/v2\/media\/1321"}],"wp:attachment":[{"href":"https:\/\/modantiga.com\/es\/wp-json\/wp\/v2\/media?parent=1320"}],"wp:term":[{"taxonomy":"product_brand","embeddable":true,"href":"https:\/\/modantiga.com\/es\/wp-json\/wp\/v2\/product_brand?post=1320"},{"taxonomy":"product_cat","embeddable":true,"href":"https:\/\/modantiga.com\/es\/wp-json\/wp\/v2\/product_cat?post=1320"},{"taxonomy":"product_tag","embeddable":true,"href":"https:\/\/modantiga.com\/es\/wp-json\/wp\/v2\/product_tag?post=1320"}],"curies":[{"name":"wp","href":"https:\/\/api.w.org\/{rel}","templated":true}]}}