{"id":608,"date":"2024-11-11T21:46:37","date_gmt":"2024-11-11T21:46:37","guid":{"rendered":"https:\/\/modantiga.com\/?post_type=product&#038;p=608"},"modified":"2025-02-26T21:09:09","modified_gmt":"2025-02-26T21:09:09","slug":"pao-de-massa-mae-e-curcuma","status":"publish","type":"product","link":"https:\/\/modantiga.com\/es\/producto\/pao-de-massa-mae-e-curcuma\/","title":{"rendered":"Pan de Masa madre y Curcuma"},"content":{"rendered":"<p>A nossa massa m\u00e3e junta-se \u00e0 curcuma. Um sabor diferente e \u00fanico<\/p>","protected":false},"excerpt":{"rendered":"<p>Ingredientes:<\/p>\n<p>Farinha de TRIGO, \u00e1gua, massa m\u00e3e, curcuma, sal, pimenta preta<\/p>\n<p>Alergenos: Gl\u00faten. Puede contener vestigios de frutos de cascara y lactosa.<\/p>","protected":false},"featured_media":1230,"comment_status":"open","ping_status":"closed","template":"","meta":[],"product_brand":[],"product_cat":[21],"product_tag":[],"class_list":{"0":"post-608","1":"product","2":"type-product","3":"status-publish","4":"has-post-thumbnail","6":"product_cat-pao","8":"first","9":"onbackorder","10":"taxable","11":"shipping-taxable","12":"purchasable","13":"product-type-variable"},"jetpack_sharing_enabled":true,"_links":{"self":[{"href":"https:\/\/modantiga.com\/es\/wp-json\/wp\/v2\/product\/608","targetHints":{"allow":["GET"]}}],"collection":[{"href":"https:\/\/modantiga.com\/es\/wp-json\/wp\/v2\/product"}],"about":[{"href":"https:\/\/modantiga.com\/es\/wp-json\/wp\/v2\/types\/product"}],"replies":[{"embeddable":true,"href":"https:\/\/modantiga.com\/es\/wp-json\/wp\/v2\/comments?post=608"}],"version-history":[{"count":0,"href":"https:\/\/modantiga.com\/es\/wp-json\/wp\/v2\/product\/608\/revisions"}],"wp:featuredmedia":[{"embeddable":true,"href":"https:\/\/modantiga.com\/es\/wp-json\/wp\/v2\/media\/1230"}],"wp:attachment":[{"href":"https:\/\/modantiga.com\/es\/wp-json\/wp\/v2\/media?parent=608"}],"wp:term":[{"taxonomy":"product_brand","embeddable":true,"href":"https:\/\/modantiga.com\/es\/wp-json\/wp\/v2\/product_brand?post=608"},{"taxonomy":"product_cat","embeddable":true,"href":"https:\/\/modantiga.com\/es\/wp-json\/wp\/v2\/product_cat?post=608"},{"taxonomy":"product_tag","embeddable":true,"href":"https:\/\/modantiga.com\/es\/wp-json\/wp\/v2\/product_tag?post=608"}],"curies":[{"name":"wp","href":"https:\/\/api.w.org\/{rel}","templated":true}]}}